{"id":39,"date":"2023-04-04T18:06:44","date_gmt":"2023-04-04T16:06:44","guid":{"rendered":"http:\/\/www.ftpg971.fr\/?page_id=39"},"modified":"2025-06-07T11:18:09","modified_gmt":"2025-06-07T15:18:09","slug":"qui-sommes-nous","status":"publish","type":"page","link":"https:\/\/www.ftpg971.fr\/index.php\/qui-sommes-nous\/","title":{"rendered":"Qui sommes-nous ?"},"content":{"rendered":"\t\t<div data-elementor-type=\"wp-page\" data-elementor-id=\"39\" class=\"elementor elementor-39\">\n\t\t\t\t\t\t<section class=\"elementor-section elementor-top-section elementor-element elementor-element-24f6f07 elementor-section-boxed elementor-section-height-default elementor-section-height-default\" data-id=\"24f6f07\" data-element_type=\"section\">\n\t\t\t\t\t\t<div class=\"elementor-container elementor-column-gap-default\">\n\t\t\t\t\t<div class=\"elementor-column elementor-col-100 elementor-top-column elementor-element elementor-element-9d0d2a7\" data-id=\"9d0d2a7\" data-element_type=\"column\">\n\t\t\t<div class=\"elementor-widget-wrap elementor-element-populated\">\n\t\t\t\t\t\t<div class=\"elementor-element elementor-element-bb5f176 elementor-widget elementor-widget-heading\" data-id=\"bb5f176\" data-element_type=\"widget\" data-widget_type=\"heading.default\">\n\t\t\t\t<div class=\"elementor-widget-container\">\n\t\t\t\t\t<h2 class=\"elementor-heading-title elementor-size-default\">LA FTPG<\/h2>\t\t\t\t<\/div>\n\t\t\t\t<\/div>\n\t\t\t\t<div class=\"elementor-element elementor-element-e037a00 elementor-widget-divider--view-line_text elementor-widget-divider--element-align-left elementor-widget elementor-widget-divider\" data-id=\"e037a00\" data-element_type=\"widget\" data-widget_type=\"divider.default\">\n\t\t\t\t<div class=\"elementor-widget-container\">\n\t\t\t\t\t\t\t<div class=\"elementor-divider\">\n\t\t\t<span class=\"elementor-divider-separator\">\n\t\t\t\t\t\t\t<span class=\"elementor-divider__text elementor-divider__element\">\n\t\t\t\t\u00c0 PROPOS DE NOUS\t\t\t\t<\/span>\n\t\t\t\t\t\t<\/span>\n\t\t<\/div>\n\t\t\t\t\t\t<\/div>\n\t\t\t\t<\/div>\n\t\t\t\t<div class=\"elementor-element elementor-element-8bcb028 elementor-widget elementor-widget-text-editor\" data-id=\"8bcb028\" data-element_type=\"widget\" data-widget_type=\"text-editor.default\">\n\t\t\t\t<div class=\"elementor-widget-container\">\n\t\t\t\t\t\t\t\t\t<p>Depuis la cr\u00e9ation de la F\u00e9d\u00e9ration du Tourisme de Proximit\u00e9 de Guadeloupe en 2021, nous \u0153uvrons chaque jour pour un tourisme performant et responsable en Guadeloupe.<\/p>\t\t\t\t\t\t\t\t<\/div>\n\t\t\t\t<\/div>\n\t\t\t\t<div class=\"elementor-element elementor-element-478d15f elementor-widget elementor-widget-heading\" data-id=\"478d15f\" data-element_type=\"widget\" data-widget_type=\"heading.default\">\n\t\t\t\t<div class=\"elementor-widget-container\">\n\t\t\t\t\t<h2 class=\"elementor-heading-title elementor-size-default\">Nos missions au quotidien<\/h2>\t\t\t\t<\/div>\n\t\t\t\t<\/div>\n\t\t\t\t<div class=\"elementor-element elementor-element-9d79cd5 elementor-icon-list--layout-traditional elementor-list-item-link-full_width elementor-widget elementor-widget-icon-list\" data-id=\"9d79cd5\" data-element_type=\"widget\" data-widget_type=\"icon-list.default\">\n\t\t\t\t<div class=\"elementor-widget-container\">\n\t\t\t\t\t\t\t<ul class=\"elementor-icon-list-items\">\n\t\t\t\t\t\t\t<li class=\"elementor-icon-list-item\">\n\t\t\t\t\t\t\t\t\t\t\t<span class=\"elementor-icon-list-icon\">\n\t\t\t\t\t\t\t<i aria-hidden=\"true\" class=\"fas fa-check\"><\/i>\t\t\t\t\t\t<\/span>\n\t\t\t\t\t\t\t\t\t\t<span class=\"elementor-icon-list-text\">D\u00e9fendre des int\u00e9r\u00eats des professionnels du tourisme de proximit\u00e9<\/span>\n\t\t\t\t\t\t\t\t\t<\/li>\n\t\t\t\t\t\t\t\t<li class=\"elementor-icon-list-item\">\n\t\t\t\t\t\t\t\t\t\t\t<span class=\"elementor-icon-list-icon\">\n\t\t\t\t\t\t\t<i aria-hidden=\"true\" class=\"fas fa-check\"><\/i>\t\t\t\t\t\t<\/span>\n\t\t\t\t\t\t\t\t\t\t<span class=\"elementor-icon-list-text\">Travailler en collaboration avec l\u2019ensemble des acteurs du tourisme\u00a0<\/span>\n\t\t\t\t\t\t\t\t\t<\/li>\n\t\t\t\t\t\t\t\t<li class=\"elementor-icon-list-item\">\n\t\t\t\t\t\t\t\t\t\t\t<span class=\"elementor-icon-list-icon\">\n\t\t\t\t\t\t\t<i aria-hidden=\"true\" class=\"fas fa-check\"><\/i>\t\t\t\t\t\t<\/span>\n\t\t\t\t\t\t\t\t\t\t<span class=\"elementor-icon-list-text\">N\u00e9gocier des tarifs pr\u00e9f\u00e9rentiels aupr\u00e8s des fournisseurs\u00a0<\/span>\n\t\t\t\t\t\t\t\t\t<\/li>\n\t\t\t\t\t\t\t\t<li class=\"elementor-icon-list-item\">\n\t\t\t\t\t\t\t\t\t\t\t<span class=\"elementor-icon-list-icon\">\n\t\t\t\t\t\t\t<i aria-hidden=\"true\" class=\"fas fa-check\"><\/i>\t\t\t\t\t\t<\/span>\n\t\t\t\t\t\t\t\t\t\t<span class=\"elementor-icon-list-text\">Mettre \u00e0 disposition un r\u00e9seau d\u2019experts pour accompagner des professionnels<\/span>\n\t\t\t\t\t\t\t\t\t<\/li>\n\t\t\t\t\t\t\t\t<li class=\"elementor-icon-list-item\">\n\t\t\t\t\t\t\t\t\t\t\t<span class=\"elementor-icon-list-icon\">\n\t\t\t\t\t\t\t<i aria-hidden=\"true\" class=\"fas fa-check\"><\/i>\t\t\t\t\t\t<\/span>\n\t\t\t\t\t\t\t\t\t\t<span class=\"elementor-icon-list-text\">Concevoir des programmes de formations adapt\u00e9s \u00e0 nos m\u00e9tiers<\/span>\n\t\t\t\t\t\t\t\t\t<\/li>\n\t\t\t\t\t\t\t\t<li class=\"elementor-icon-list-item\">\n\t\t\t\t\t\t\t\t\t\t\t<span class=\"elementor-icon-list-icon\">\n\t\t\t\t\t\t\t<i aria-hidden=\"true\" class=\"fas fa-check\"><\/i>\t\t\t\t\t\t<\/span>\n\t\t\t\t\t\t\t\t\t\t<span class=\"elementor-icon-list-text\">Partager des savoir-faire au profit de tous<\/span>\n\t\t\t\t\t\t\t\t\t<\/li>\n\t\t\t\t\t\t\t\t<li class=\"elementor-icon-list-item\">\n\t\t\t\t\t\t\t\t\t\t\t<span class=\"elementor-icon-list-icon\">\n\t\t\t\t\t\t\t<i aria-hidden=\"true\" class=\"fas fa-check\"><\/i>\t\t\t\t\t\t<\/span>\n\t\t\t\t\t\t\t\t\t\t<span class=\"elementor-icon-list-text\">Assurer une veille juridique et r\u00e9glementaire<\/span>\n\t\t\t\t\t\t\t\t\t<\/li>\n\t\t\t\t\t\t\t\t<li class=\"elementor-icon-list-item\">\n\t\t\t\t\t\t\t\t\t\t\t<span class=\"elementor-icon-list-icon\">\n\t\t\t\t\t\t\t<i aria-hidden=\"true\" class=\"fas fa-check\"><\/i>\t\t\t\t\t\t<\/span>\n\t\t\t\t\t\t\t\t\t\t<span class=\"elementor-icon-list-text\">Repr\u00e9senter les acteurs du tourisme aupr\u00e8s des instituions<\/span>\n\t\t\t\t\t\t\t\t\t<\/li>\n\t\t\t\t\t\t<\/ul>\n\t\t\t\t\t\t<\/div>\n\t\t\t\t<\/div>\n\t\t\t\t\t<\/div>\n\t\t<\/div>\n\t\t\t\t\t<\/div>\n\t\t<\/section>\n\t\t\t\t<section class=\"elementor-section elementor-top-section elementor-element elementor-element-469a2e6 elementor-section-boxed elementor-section-height-default elementor-section-height-default\" data-id=\"469a2e6\" data-element_type=\"section\">\n\t\t\t\t\t\t<div class=\"elementor-container elementor-column-gap-default\">\n\t\t\t\t\t<div class=\"elementor-column elementor-col-100 elementor-top-column elementor-element elementor-element-ea8e2b6\" data-id=\"ea8e2b6\" data-element_type=\"column\">\n\t\t\t<div class=\"elementor-widget-wrap elementor-element-populated\">\n\t\t\t\t\t\t<div class=\"elementor-element elementor-element-7f73fd0 elementor-widget elementor-widget-heading\" data-id=\"7f73fd0\" data-element_type=\"widget\" data-widget_type=\"heading.default\">\n\t\t\t\t<div class=\"elementor-widget-container\">\n\t\t\t\t\t<h2 class=\"elementor-heading-title elementor-size-default\">LA FTPG<\/h2>\t\t\t\t<\/div>\n\t\t\t\t<\/div>\n\t\t\t\t<div class=\"elementor-element elementor-element-2d34bab7 elementor-widget-divider--view-line_text elementor-widget-divider--element-align-left elementor-widget elementor-widget-divider\" data-id=\"2d34bab7\" data-element_type=\"widget\" data-widget_type=\"divider.default\">\n\t\t\t\t<div class=\"elementor-widget-container\">\n\t\t\t\t\t\t\t<div class=\"elementor-divider\">\n\t\t\t<span class=\"elementor-divider-separator\">\n\t\t\t\t\t\t\t<span class=\"elementor-divider__text elementor-divider__element\">\n\t\t\t\tCONSEIL D'ADMINISTRATION\t\t\t\t<\/span>\n\t\t\t\t\t\t<\/span>\n\t\t<\/div>\n\t\t\t\t\t\t<\/div>\n\t\t\t\t<\/div>\n\t\t\t\t<div class=\"elementor-element elementor-element-02eea3d elementor-widget elementor-widget-spacer\" data-id=\"02eea3d\" data-element_type=\"widget\" data-widget_type=\"spacer.default\">\n\t\t\t\t<div class=\"elementor-widget-container\">\n\t\t\t\t\t\t\t<div class=\"elementor-spacer\">\n\t\t\t<div class=\"elementor-spacer-inner\"><\/div>\n\t\t<\/div>\n\t\t\t\t\t\t<\/div>\n\t\t\t\t<\/div>\n\t\t\t\t<div class=\"elementor-element elementor-element-46ff4a8 card-layout--standard content-alignment--left hover-effect--none equal-height--yes social-icon-shape--rounded elementor-widget elementor-widget-raven-team-members\" data-id=\"46ff4a8\" data-element_type=\"widget\" data-widget_type=\"raven-team-members.default\">\n\t\t\t\t<div class=\"elementor-widget-container\">\n\t\t\t\t\t\t\t<div class=\"raven-team-members-wrapper\">\r\n\t\t\t\t\t\t\t<div class=\"elementor-repeater-item-6b17f61 team-member\">\r\n\t\t\t\t\t<div class=\"team-member--image-container\">\t\t<div class=\"team-member--image-wrapper\">\r\n\t\t\t\t\t\t<img decoding=\"async\" class=\"team-member--image\" src=\"https:\/\/www.ftpg971.fr\/wp-content\/uploads\/2024\/05\/OLIVIA-RAMOUTAR-Presidente.FTPG_.png\" alt=\"\">\r\n\t\t\t\t\t<\/div>\r\n\t\t<\/div>\t\t<div class=\"team-member--content\">\r\n\t\t\t<h2 class=\"team-member--name\">Olivia RAMOUTAR<\/h2><div class=\"team-member--position\" title=\"Pr\u00e9sidente\">Pr\u00e9sidente<\/div><p class=\"team-member--description\"><\/p><div class=\"social-icons-wrapper\"><\/div>\t\t<\/div>\r\n\t\t\t\t\t\t<\/div>\r\n\t\t\t\t\t\t\t<div class=\"elementor-repeater-item-b013228 team-member\">\r\n\t\t\t\t\t<div class=\"team-member--image-container\">\t\t<div class=\"team-member--image-wrapper\">\r\n\t\t\t\t\t\t<img decoding=\"async\" class=\"team-member--image\" src=\"https:\/\/www.ftpg971.fr\/wp-content\/uploads\/2024\/05\/JEAN-YVES-RAMASSAMY-1er-Vice-President.FTPG_.jpg\" alt=\"\">\r\n\t\t\t\t\t<\/div>\r\n\t\t<\/div>\t\t<div class=\"team-member--content\">\r\n\t\t\t<h2 class=\"team-member--name\">Jean-Yves RAMASSAMY<\/h2><div class=\"team-member--position\" title=\"1er Vice-Pr\u00e9sident\">1er Vice-Pr\u00e9sident<\/div><p class=\"team-member--description\"><\/p><div class=\"social-icons-wrapper\"><\/div>\t\t<\/div>\r\n\t\t\t\t\t\t<\/div>\r\n\t\t\t\t\t\t\t<div class=\"elementor-repeater-item-200f03f team-member\">\r\n\t\t\t\t\t<div class=\"team-member--image-container\">\t\t<div class=\"team-member--image-wrapper\">\r\n\t\t\t\t\t\t<img decoding=\"async\" class=\"team-member--image\" src=\"https:\/\/www.ftpg971.fr\/wp-content\/uploads\/2024\/05\/BETTY-BESRY.2emeVice-Presidente.FTPG_.jpg\" alt=\"\">\r\n\t\t\t\t\t<\/div>\r\n\t\t<\/div>\t\t<div class=\"team-member--content\">\r\n\t\t\t<h2 class=\"team-member--name\">Betty BESRY <\/h2><div class=\"team-member--position\" title=\"2\u00e8me Vice-Pr\u00e9sidente\">2\u00e8me Vice-Pr\u00e9sidente<\/div><p class=\"team-member--description\"><\/p><div class=\"social-icons-wrapper\"><\/div>\t\t<\/div>\r\n\t\t\t\t\t\t<\/div>\r\n\t\t\t\t\t\t\t<div class=\"elementor-repeater-item-0d7adeb team-member\">\r\n\t\t\t\t\t<div class=\"team-member--image-container\">\t\t<div class=\"team-member--image-wrapper\">\r\n\t\t\t\t\t\t<img decoding=\"async\" class=\"team-member--image\" src=\"https:\/\/www.ftpg971.fr\/wp-content\/uploads\/2025\/06\/Mylene.jpg\" alt=\"\">\r\n\t\t\t\t\t<\/div>\r\n\t\t<\/div>\t\t<div class=\"team-member--content\">\r\n\t\t\t<h2 class=\"team-member--name\">Myl\u00e8ne QUENOIL<\/h2><div class=\"team-member--position\" title=\"Secr\u00e9taire\">Secr\u00e9taire<\/div><p class=\"team-member--description\">Enter member description here which describes the position of member in company.<\/p><div class=\"social-icons-wrapper\"><div class=\"team-member--social\"><a class=\"social-facebook\" title=\"facebook\" href=\"#\" target=\"_self\" rel=\"\"><i aria-hidden=\"true\" class=\"fab fa-facebook-f\"><\/i><\/a><\/div><div class=\"team-member--social\"><a class=\"social-twitter\" title=\"twitter\" href=\"#\" target=\"_self\" rel=\"\"><i aria-hidden=\"true\" class=\"fab fa-twitter\"><\/i><\/a><\/div><div class=\"team-member--social\"><a class=\"social-instagram\" title=\"instagram\" href=\"#\" target=\"_self\" rel=\"\"><i aria-hidden=\"true\" class=\"fab fa-instagram\"><\/i><\/a><\/div><\/div>\t\t<\/div>\r\n\t\t\t\t\t\t<\/div>\r\n\t\t\t\t\t<\/div>\r\n\t\t\t\t\t\t<\/div>\n\t\t\t\t<\/div>\n\t\t\t\t<div class=\"elementor-element elementor-element-363ce73 card-layout--standard content-alignment--left hover-effect--none equal-height--yes social-icon-shape--rounded elementor-widget elementor-widget-raven-team-members\" data-id=\"363ce73\" data-element_type=\"widget\" data-widget_type=\"raven-team-members.default\">\n\t\t\t\t<div class=\"elementor-widget-container\">\n\t\t\t\t\t\t\t<div class=\"raven-team-members-wrapper\">\r\n\t\t\t\t\t\t\t<div class=\"elementor-repeater-item-6b17f61 team-member\">\r\n\t\t\t\t\t<div class=\"team-member--image-container\">\t\t<div class=\"team-member--image-wrapper\">\r\n\t\t\t\t\t\t<img decoding=\"async\" class=\"team-member--image\" src=\"https:\/\/www.ftpg971.fr\/wp-content\/uploads\/2024\/05\/ANNIE-RAMAYE-Secretaire.FTPG_.jpg\" alt=\"\">\r\n\t\t\t\t\t<\/div>\r\n\t\t<\/div>\t\t<div class=\"team-member--content\">\r\n\t\t\t<h2 class=\"team-member--name\">Annie RAMAYE<\/h2><div class=\"team-member--position\" title=\"Secr\u00e9taire adjointe\">Secr\u00e9taire adjointe<\/div><p class=\"team-member--description\"><\/p><div class=\"social-icons-wrapper\"><\/div>\t\t<\/div>\r\n\t\t\t\t\t\t<\/div>\r\n\t\t\t\t\t\t\t<div class=\"elementor-repeater-item-b013228 team-member\">\r\n\t\t\t\t\t<div class=\"team-member--image-container\">\t\t<div class=\"team-member--image-wrapper\">\r\n\t\t\t\t\t\t<img decoding=\"async\" class=\"team-member--image\" src=\"https:\/\/www.ftpg971.fr\/wp-content\/uploads\/2024\/05\/Chantal-DANTEN-Tresoriere.png\" alt=\"\">\r\n\t\t\t\t\t<\/div>\r\n\t\t<\/div>\t\t<div class=\"team-member--content\">\r\n\t\t\t<h2 class=\"team-member--name\">Chantal DANTEN <\/h2><div class=\"team-member--position\" title=\"Tr\u00e9sori\u00e8re\">Tr\u00e9sori\u00e8re<\/div><p class=\"team-member--description\"><\/p><div class=\"social-icons-wrapper\"><\/div>\t\t<\/div>\r\n\t\t\t\t\t\t<\/div>\r\n\t\t\t\t\t\t\t<div class=\"elementor-repeater-item-200f03f team-member\">\r\n\t\t\t\t\t<div class=\"team-member--image-container\">\t\t<div class=\"team-member--image-wrapper\">\r\n\t\t\t\t\t\t<img decoding=\"async\" class=\"team-member--image\" src=\"https:\/\/www.ftpg971.fr\/wp-content\/uploads\/2024\/05\/JACQUES-RAGOUNANDHAN-Tresorier-Adjoint.FTPG_.jpg\" alt=\"\">\r\n\t\t\t\t\t<\/div>\r\n\t\t<\/div>\t\t<div class=\"team-member--content\">\r\n\t\t\t<h2 class=\"team-member--name\">Jacques RAGOUNANDHAN <\/h2><div class=\"team-member--position\" title=\"Tr\u00e9sorier adjoint\">Tr\u00e9sorier adjoint<\/div><p class=\"team-member--description\"><\/p><div class=\"social-icons-wrapper\"><\/div>\t\t<\/div>\r\n\t\t\t\t\t\t<\/div>\r\n\t\t\t\t\t\t\t<div class=\"elementor-repeater-item-813f659 team-member\">\r\n\t\t\t\t\t<div class=\"team-member--image-container\">\t\t<div class=\"team-member--image-wrapper\">\r\n\t\t\t\t\t\t<img decoding=\"async\" class=\"team-member--image\" src=\"https:\/\/www.ftpg971.fr\/wp-content\/uploads\/2024\/05\/MAGGY-BASSIEN-CAPSA-PresidenteCPD.jpg\" alt=\"\">\r\n\t\t\t\t\t<\/div>\r\n\t\t<\/div>\t\t<div class=\"team-member--content\">\r\n\t\t\t<h2 class=\"team-member--name\">Magguy BASSIEN-CAPSA<\/h2><div class=\"team-member--position\" title=\"Commission prospective et d\u00e9veloppement\">Commission prospective et d\u00e9veloppement<\/div><p class=\"team-member--description\"><\/p><div class=\"social-icons-wrapper\"><\/div>\t\t<\/div>\r\n\t\t\t\t\t\t<\/div>\r\n\t\t\t\t\t<\/div>\r\n\t\t\t\t\t\t<\/div>\n\t\t\t\t<\/div>\n\t\t\t\t<div class=\"elementor-element elementor-element-a363a9d card-layout--standard content-alignment--left hover-effect--none equal-height--yes social-icon-shape--rounded elementor-widget elementor-widget-raven-team-members\" data-id=\"a363a9d\" data-element_type=\"widget\" data-widget_type=\"raven-team-members.default\">\n\t\t\t\t<div class=\"elementor-widget-container\">\n\t\t\t\t\t\t\t<div class=\"raven-team-members-wrapper\">\r\n\t\t\t\t\t\t\t<div class=\"elementor-repeater-item-b013228 team-member\">\r\n\t\t\t\t\t<div class=\"team-member--image-container\">\t\t<div class=\"team-member--image-wrapper\">\r\n\t\t\t\t\t\t<img decoding=\"async\" class=\"team-member--image\" src=\"https:\/\/www.ftpg971.fr\/wp-content\/uploads\/2024\/05\/MYLENE-MARCEL-Membre.FTPG_.jpg\" alt=\"\">\r\n\t\t\t\t\t<\/div>\r\n\t\t<\/div>\t\t<div class=\"team-member--content\">\r\n\t\t\t<h2 class=\"team-member--name\">Myl\u00e8ne MARCEL<\/h2><div class=\"team-member--position\" title=\"Membre\">Membre<\/div><p class=\"team-member--description\"><\/p><div class=\"social-icons-wrapper\"><\/div>\t\t<\/div>\r\n\t\t\t\t\t\t<\/div>\r\n\t\t\t\t\t\t\t<div class=\"elementor-repeater-item-200f03f team-member\">\r\n\t\t\t\t\t<div class=\"team-member--image-container\">\t\t<div class=\"team-member--image-wrapper\">\r\n\t\t\t\t\t\t<img decoding=\"async\" class=\"team-member--image\" src=\"https:\/\/www.ftpg971.fr\/wp-content\/uploads\/2024\/05\/JEAN-MARC-PETIT-Membre.FTPG_.jpg\" alt=\"\">\r\n\t\t\t\t\t<\/div>\r\n\t\t<\/div>\t\t<div class=\"team-member--content\">\r\n\t\t\t<h2 class=\"team-member--name\">Jean-Marc PETIT <\/h2><div class=\"team-member--position\" title=\"Membre\">Membre<\/div><p class=\"team-member--description\"><\/p><div class=\"social-icons-wrapper\"><\/div>\t\t<\/div>\r\n\t\t\t\t\t\t<\/div>\r\n\t\t\t\t\t\t\t<div class=\"elementor-repeater-item-813f659 team-member\">\r\n\t\t\t\t\t<div class=\"team-member--image-container\">\t\t<div class=\"team-member--image-wrapper\">\r\n\t\t\t\t\t\t<img decoding=\"async\" class=\"team-member--image\" src=\"https:\/\/www.ftpg971.fr\/wp-content\/uploads\/2024\/05\/NADINE-DARLY-Membre.FTPG_.jpg\" alt=\"\">\r\n\t\t\t\t\t<\/div>\r\n\t\t<\/div>\t\t<div class=\"team-member--content\">\r\n\t\t\t<h2 class=\"team-member--name\">Nadine DARLY<\/h2><div class=\"team-member--position\" title=\"Membre\">Membre<\/div><p class=\"team-member--description\"><\/p><div class=\"social-icons-wrapper\"><\/div>\t\t<\/div>\r\n\t\t\t\t\t\t<\/div>\r\n\t\t\t\t\t\t\t<div class=\"elementor-repeater-item-4160acf team-member\">\r\n\t\t\t\t\t<div class=\"team-member--image-container\">\t\t<div class=\"team-member--image-wrapper\">\r\n\t\t\t\t\t\t<img decoding=\"async\" class=\"team-member--image\" src=\"https:\/\/www.ftpg971.fr\/wp-content\/uploads\/2024\/05\/PATRICK-CALYDON-Membre.FTP_.jpg\" alt=\"\">\r\n\t\t\t\t\t<\/div>\r\n\t\t<\/div>\t\t<div class=\"team-member--content\">\r\n\t\t\t<h2 class=\"team-member--name\">Patrick CALYDON<\/h2><div class=\"team-member--position\" title=\"Membre\">Membre<\/div><p class=\"team-member--description\"><\/p><div class=\"social-icons-wrapper\"><\/div>\t\t<\/div>\r\n\t\t\t\t\t\t<\/div>\r\n\t\t\t\t\t<\/div>\r\n\t\t\t\t\t\t<\/div>\n\t\t\t\t<\/div>\n\t\t\t\t\t<\/div>\n\t\t<\/div>\n\t\t\t\t\t<\/div>\n\t\t<\/section>\n\t\t\t\t<\/div>\n\t\t","protected":false},"excerpt":{"rendered":"<p>LA FTPG \u00c0 PROPOS DE NOUS Depuis la cr\u00e9ation de la F\u00e9d\u00e9ration du Tourisme de Proximit\u00e9 de Guadeloupe en 2021, nous \u0153uvrons chaque jour pour un tourisme performant et responsable en Guadeloupe. Nos missions au quotidien D\u00e9fendre des int\u00e9r\u00eats des professionnels du tourisme de proximit\u00e9 Travailler en collaboration avec l\u2019ensemble des acteurs du tourisme\u00a0 N\u00e9gocier [&hellip;]<\/p>\n","protected":false},"author":1,"featured_media":0,"parent":0,"menu_order":0,"comment_status":"closed","ping_status":"closed","template":"","meta":{"_acf_changed":false,"footnotes":""},"class_list":["post-39","page","type-page","status-publish","hentry"],"acf":[],"_links":{"self":[{"href":"https:\/\/www.ftpg971.fr\/index.php\/wp-json\/wp\/v2\/pages\/39","targetHints":{"allow":["GET"]}}],"collection":[{"href":"https:\/\/www.ftpg971.fr\/index.php\/wp-json\/wp\/v2\/pages"}],"about":[{"href":"https:\/\/www.ftpg971.fr\/index.php\/wp-json\/wp\/v2\/types\/page"}],"author":[{"embeddable":true,"href":"https:\/\/www.ftpg971.fr\/index.php\/wp-json\/wp\/v2\/users\/1"}],"replies":[{"embeddable":true,"href":"https:\/\/www.ftpg971.fr\/index.php\/wp-json\/wp\/v2\/comments?post=39"}],"version-history":[{"count":85,"href":"https:\/\/www.ftpg971.fr\/index.php\/wp-json\/wp\/v2\/pages\/39\/revisions"}],"predecessor-version":[{"id":956,"href":"https:\/\/www.ftpg971.fr\/index.php\/wp-json\/wp\/v2\/pages\/39\/revisions\/956"}],"wp:attachment":[{"href":"https:\/\/www.ftpg971.fr\/index.php\/wp-json\/wp\/v2\/media?parent=39"}],"curies":[{"name":"wp","href":"https:\/\/api.w.org\/{rel}","templated":true}]}}