{"id":209,"date":"2023-04-04T21:30:04","date_gmt":"2023-04-04T19:30:04","guid":{"rendered":"http:\/\/www.ftpg971.fr\/?page_id=209"},"modified":"2023-04-26T16:54:48","modified_gmt":"2023-04-26T14:54:48","slug":"espace-presse","status":"publish","type":"page","link":"https:\/\/www.ftpg971.fr\/index.php\/espace-presse\/","title":{"rendered":"Espace presse"},"content":{"rendered":"\t\t<div data-elementor-type=\"wp-page\" data-elementor-id=\"209\" class=\"elementor elementor-209\">\n\t\t\t\t\t\t<section class=\"elementor-section elementor-top-section elementor-element elementor-element-e1303b9 elementor-section-boxed elementor-section-height-default elementor-section-height-default\" data-id=\"e1303b9\" data-element_type=\"section\">\n\t\t\t\t\t\t<div class=\"elementor-container elementor-column-gap-default\">\n\t\t\t\t\t<div class=\"elementor-column elementor-col-100 elementor-top-column elementor-element elementor-element-2263a85\" data-id=\"2263a85\" data-element_type=\"column\">\n\t\t\t<div class=\"elementor-widget-wrap elementor-element-populated\">\n\t\t\t\t\t\t<div class=\"elementor-element elementor-element-665463e9 elementor-widget elementor-widget-raven-posts\" data-id=\"665463e9\" data-element_type=\"widget\" data-settings=\"{&quot;classic_columns&quot;:&quot;1&quot;,&quot;_skin&quot;:&quot;classic&quot;,&quot;classic_layout&quot;:&quot;grid&quot;,&quot;classic_columns_tablet&quot;:&quot;2&quot;,&quot;classic_columns_mobile&quot;:&quot;1&quot;,&quot;query_posts_per_page&quot;:6,&quot;query_offset&quot;:0}\" data-widget_type=\"raven-posts.classic\">\n\t\t\t\t<div class=\"elementor-widget-container\">\n\t\t\t\t\t\t\t<div class=\"raven-posts raven-grid raven-grid-1 raven-grid-mobile-1 raven-grid-tablet-2\" data-post-id=\"209\" data-archive-query=\"\" data-lang=\"\">\r\n\t\t\t\t<div class=\"raven-grid-item raven-post-item post-696 post type-post status-publish format-standard hentry category-communiques-de-presse\">\r\n\t\t\t<div class=\"raven-post\">\r\n\t\t\t\t\t\t\t\t<div class=\"raven-post-content\">\r\n\t\t\t\t\t<h3 class=\"raven-post-title\"><a class=\"raven-post-title-link\" href=\"https:\/\/www.ftpg971.fr\/index.php\/2024\/01\/25\/696\/\">SMGEAG\u00a0: Des nouvelles dispositions pour pallier \u00e0 cette p\u00e9nurie d\u2019eau<\/a><\/h3>\t\t<div class=\"raven-post-meta\"><a class=\"raven-post-meta-item raven-post-date\" href=\"https:\/\/www.ftpg971.fr\/index.php\/2024\/01\/\" rel=\"bookmark\">25 janvier 2024<\/a><\/div>\r\n\t\t<div class=\"raven-post-excerpt\">La F\u00e9d\u00e9ration du Tourisme de Proximit\u00e9 de Guadeloupe, repr\u00e9sent\u00e9e par Olivia RAMOUTAR pr\u00e9sidente et le conseil d\u2019administration a tenu \u00e0 se faire entendre \u00e0 travers un communiqu\u00e9 de presse le<\/div>\t\t<div class=\"raven-post-read-more\">\r\n\t\t\t<a class=\"raven-post-button\" href=\"https:\/\/www.ftpg971.fr\/index.php\/2024\/01\/25\/696\/\"><span class=\"raven-post-button-text\">Lire la suite<\/span><\/a>\r\n\t\t<\/div>\r\n\t\t\t\t\t\t<\/div>\r\n\t\t\t<\/div>\r\n\t\t<\/div>\r\n\t\t\t\t<div class=\"raven-grid-item raven-post-item post-460 post type-post status-publish format-standard hentry category-communiques-de-presse\">\r\n\t\t\t<div class=\"raven-post\">\r\n\t\t\t\t\t\t\t\t<div class=\"raven-post-content\">\r\n\t\t\t\t\t<h3 class=\"raven-post-title\"><a class=\"raven-post-title-link\" href=\"https:\/\/www.ftpg971.fr\/index.php\/2024\/01\/18\/communique-de-presse\/\">P\u00e9nurie d\u2019eau\u00a0: Le cri d&rsquo;alarme de la F\u00e9d\u00e9ration du Tourisme de proximit\u00e9 de Guadeloupe<\/a><\/h3>\t\t<div class=\"raven-post-meta\"><a class=\"raven-post-meta-item raven-post-date\" href=\"https:\/\/www.ftpg971.fr\/index.php\/2024\/01\/\" rel=\"bookmark\">18 janvier 2024<\/a><\/div>\r\n\t\t<div class=\"raven-post-excerpt\">Selon la presse, la Guadeloupe est l\u2019une des destinations pr\u00e9f\u00e9r\u00e9es des fran\u00e7ais, quelle aubaine ! Malheureusement cette tendance ne va pas durer, et pour cause&nbsp;: La p\u00e9nurie d\u2019eau. Depuis plusieurs<\/div>\t\t<div class=\"raven-post-read-more\">\r\n\t\t\t<a class=\"raven-post-button\" href=\"https:\/\/www.ftpg971.fr\/index.php\/2024\/01\/18\/communique-de-presse\/\"><span class=\"raven-post-button-text\">Lire la suite<\/span><\/a>\r\n\t\t<\/div>\r\n\t\t\t\t\t\t<\/div>\r\n\t\t\t<\/div>\r\n\t\t<\/div>\r\n\t\t\t\t<\/div>\r\n\t\t\t\t\t\t<\/div>\n\t\t\t\t<\/div>\n\t\t\t\t\t<\/div>\n\t\t<\/div>\n\t\t\t\t\t<\/div>\n\t\t<\/section>\n\t\t\t\t<\/div>\n\t\t","protected":false},"excerpt":{"rendered":"<p>Communiqu\u00e9 de presse 2 26 avril 2023 Lorem ipsum dolor sit amet, consectetur adipiscing elit. Curabitur facilisis leo ipsum, et porttitor turpis euismod id. Suspendisse luctus sem dignissim mi rhoncus, eu sagittis ante facilisis. Morbi odio velit, Lire la suite Communiqu\u00e9 de presse 1 26 avril 2023 Lorem ipsum dolor sit amet, consectetur adipiscing elit. [&hellip;]<\/p>\n","protected":false},"author":1,"featured_media":0,"parent":0,"menu_order":0,"comment_status":"closed","ping_status":"closed","template":"","meta":{"_acf_changed":false,"footnotes":""},"class_list":["post-209","page","type-page","status-publish","hentry"],"acf":[],"_links":{"self":[{"href":"https:\/\/www.ftpg971.fr\/index.php\/wp-json\/wp\/v2\/pages\/209","targetHints":{"allow":["GET"]}}],"collection":[{"href":"https:\/\/www.ftpg971.fr\/index.php\/wp-json\/wp\/v2\/pages"}],"about":[{"href":"https:\/\/www.ftpg971.fr\/index.php\/wp-json\/wp\/v2\/types\/page"}],"author":[{"embeddable":true,"href":"https:\/\/www.ftpg971.fr\/index.php\/wp-json\/wp\/v2\/users\/1"}],"replies":[{"embeddable":true,"href":"https:\/\/www.ftpg971.fr\/index.php\/wp-json\/wp\/v2\/comments?post=209"}],"version-history":[{"count":10,"href":"https:\/\/www.ftpg971.fr\/index.php\/wp-json\/wp\/v2\/pages\/209\/revisions"}],"predecessor-version":[{"id":491,"href":"https:\/\/www.ftpg971.fr\/index.php\/wp-json\/wp\/v2\/pages\/209\/revisions\/491"}],"wp:attachment":[{"href":"https:\/\/www.ftpg971.fr\/index.php\/wp-json\/wp\/v2\/media?parent=209"}],"curies":[{"name":"wp","href":"https:\/\/api.w.org\/{rel}","templated":true}]}}