{"id":130,"date":"2023-04-04T19:27:12","date_gmt":"2023-04-04T17:27:12","guid":{"rendered":"http:\/\/www.ftpg971.fr\/?page_id=130"},"modified":"2024-02-21T17:23:54","modified_gmt":"2024-02-21T16:23:54","slug":"actualites","status":"publish","type":"page","link":"https:\/\/www.ftpg971.fr\/index.php\/actualites\/","title":{"rendered":"Actualit\u00e9s"},"content":{"rendered":"\t\t<div data-elementor-type=\"wp-page\" data-elementor-id=\"130\" class=\"elementor elementor-130\">\n\t\t\t\t\t\t<section class=\"elementor-section elementor-top-section elementor-element elementor-element-72ca2d5 elementor-section-boxed elementor-section-height-default elementor-section-height-default\" data-id=\"72ca2d5\" data-element_type=\"section\">\n\t\t\t\t\t\t<div class=\"elementor-container elementor-column-gap-default\">\n\t\t\t\t\t<div class=\"elementor-column elementor-col-100 elementor-top-column elementor-element elementor-element-6f596df\" data-id=\"6f596df\" data-element_type=\"column\">\n\t\t\t<div class=\"elementor-widget-wrap elementor-element-populated\">\n\t\t\t\t\t\t<div class=\"elementor-element elementor-element-54adacd elementor-widget elementor-widget-raven-posts\" data-id=\"54adacd\" data-element_type=\"widget\" data-settings=\"{&quot;classic_columns&quot;:&quot;2&quot;,&quot;_skin&quot;:&quot;classic&quot;,&quot;classic_layout&quot;:&quot;grid&quot;,&quot;classic_columns_tablet&quot;:&quot;2&quot;,&quot;classic_columns_mobile&quot;:&quot;1&quot;,&quot;query_posts_per_page&quot;:6,&quot;query_offset&quot;:0}\" data-widget_type=\"raven-posts.classic\">\n\t\t\t\t<div class=\"elementor-widget-container\">\n\t\t\t\t\t\t\t<div class=\"raven-posts raven-grid raven-grid-2 raven-grid-mobile-1 raven-grid-tablet-2\" data-post-id=\"130\" data-archive-query=\"\" data-lang=\"\">\r\n\t\t\t\t<div class=\"raven-grid-item raven-post-item post-923 post type-post status-publish format-standard has-post-thumbnail hentry category-actualites\">\r\n\t\t\t<div class=\"raven-post\">\r\n\t\t\t\t\t\t<div class=\"raven-post-image-wrap\">\r\n\t\t\t<a class=\"raven-post-image raven-image-fit\" href=\"https:\/\/www.ftpg971.fr\/index.php\/2024\/05\/22\/la-ftpg-le-salon-du-tourisme-et-des-loisirs\/\"><img fetchpriority=\"high\" decoding=\"async\" width=\"1024\" height=\"1024\" src=\"https:\/\/www.ftpg971.fr\/wp-content\/uploads\/2024\/05\/IMG-20240510-WA0016-1024x1024.jpg\" class=\"attachment-large size-large wp-image-930\" alt=\"\" srcset=\"https:\/\/www.ftpg971.fr\/wp-content\/uploads\/2024\/05\/IMG-20240510-WA0016-1024x1024.jpg 1024w, https:\/\/www.ftpg971.fr\/wp-content\/uploads\/2024\/05\/IMG-20240510-WA0016-300x300.jpg 300w, https:\/\/www.ftpg971.fr\/wp-content\/uploads\/2024\/05\/IMG-20240510-WA0016-150x150.jpg 150w, https:\/\/www.ftpg971.fr\/wp-content\/uploads\/2024\/05\/IMG-20240510-WA0016-768x768.jpg 768w, https:\/\/www.ftpg971.fr\/wp-content\/uploads\/2024\/05\/IMG-20240510-WA0016-500x500.jpg 500w, https:\/\/www.ftpg971.fr\/wp-content\/uploads\/2024\/05\/IMG-20240510-WA0016.jpg 1280w\" sizes=\"(max-width: 1024px) 100vw, 1024px\" \/> <span class=\"raven-post-image-overlay\"><\/span><\/a>\t\t<\/div>\r\n\t\t\t\t\t\t<div class=\"raven-post-content\">\r\n\t\t\t\t\t<h3 class=\"raven-post-title\"><a class=\"raven-post-title-link\" href=\"https:\/\/www.ftpg971.fr\/index.php\/2024\/05\/22\/la-ftpg-le-salon-du-tourisme-et-des-loisirs\/\">La FTPG: LE SALON DU TOURISME ET DES LOISIRS<\/a><\/h3>\t\t<div class=\"raven-post-meta\"><a class=\"raven-post-meta-item raven-post-date\" href=\"https:\/\/www.ftpg971.fr\/index.php\/2024\/05\/\" rel=\"bookmark\">22 mai 2024<\/a><\/div>\r\n\t\t<div class=\"raven-post-excerpt\">La F\u00e9d\u00e9ration du Tourisme de Proximit\u00e9 de Guadeloupe pr\u00e9sente \u00e0 la 2 \u00e8me\u00e9ditions du SALON TOURISME ET DES LOISIRS DE LA GUADELOUPE.D\u00e8s le premier jour, la FTPG a c\u00e9l\u00e9brer la<\/div>\t\t<div class=\"raven-post-read-more\">\r\n\t\t\t<a class=\"raven-post-button\" href=\"https:\/\/www.ftpg971.fr\/index.php\/2024\/05\/22\/la-ftpg-le-salon-du-tourisme-et-des-loisirs\/\"><span class=\"raven-post-button-text\">Lire la suite<\/span><\/a>\r\n\t\t<\/div>\r\n\t\t\t\t\t\t<\/div>\r\n\t\t\t<\/div>\r\n\t\t<\/div>\r\n\t\t\t\t<div class=\"raven-grid-item raven-post-item post-894 post type-post status-publish format-standard has-post-thumbnail hentry category-actualites\">\r\n\t\t\t<div class=\"raven-post\">\r\n\t\t\t\t\t\t<div class=\"raven-post-image-wrap\">\r\n\t\t\t<a class=\"raven-post-image raven-image-fit\" href=\"https:\/\/www.ftpg971.fr\/index.php\/2024\/05\/22\/article-26\/\"><img decoding=\"async\" width=\"1024\" height=\"1024\" src=\"https:\/\/www.ftpg971.fr\/wp-content\/uploads\/2024\/05\/IMG-20240506-WA0023-1024x1024.jpg\" class=\"attachment-large size-large wp-image-908\" alt=\"\" srcset=\"https:\/\/www.ftpg971.fr\/wp-content\/uploads\/2024\/05\/IMG-20240506-WA0023-1024x1024.jpg 1024w, https:\/\/www.ftpg971.fr\/wp-content\/uploads\/2024\/05\/IMG-20240506-WA0023-300x300.jpg 300w, https:\/\/www.ftpg971.fr\/wp-content\/uploads\/2024\/05\/IMG-20240506-WA0023-150x150.jpg 150w, https:\/\/www.ftpg971.fr\/wp-content\/uploads\/2024\/05\/IMG-20240506-WA0023-768x768.jpg 768w, https:\/\/www.ftpg971.fr\/wp-content\/uploads\/2024\/05\/IMG-20240506-WA0023-500x500.jpg 500w, https:\/\/www.ftpg971.fr\/wp-content\/uploads\/2024\/05\/IMG-20240506-WA0023.jpg 1280w\" sizes=\"(max-width: 1024px) 100vw, 1024px\" \/> <span class=\"raven-post-image-overlay\"><\/span><\/a>\t\t<\/div>\r\n\t\t\t\t\t\t<div class=\"raven-post-content\">\r\n\t\t\t\t\t<h3 class=\"raven-post-title\"><a class=\"raven-post-title-link\" href=\"https:\/\/www.ftpg971.fr\/index.php\/2024\/05\/22\/article-26\/\">\u00ab\u00a0BONJOUR LES ILES DE GUADELOUPE\u00a0\u00bb, La FTPG pr\u00e9sent au salon du CTIG<\/a><\/h3>\t\t<div class=\"raven-post-meta\"><a class=\"raven-post-meta-item raven-post-date\" href=\"https:\/\/www.ftpg971.fr\/index.php\/2024\/05\/\" rel=\"bookmark\">22 mai 2024<\/a><\/div>\r\n\t\t<div class=\"raven-post-excerpt\">Lors du salon \u00ab\u00a0BONJOUR LES \u00ceLES DE GUADELOUPE \u00a0\u00bb organis\u00e9 par leCTIG (Le comit\u00e9 du tourisme des \u00eeles de Guadeloupe), La F\u00e9d\u00e9ration du Tourisme deProximit\u00e9 de Guadeloupe (FTPG) a offert<\/div>\t\t<div class=\"raven-post-read-more\">\r\n\t\t\t<a class=\"raven-post-button\" href=\"https:\/\/www.ftpg971.fr\/index.php\/2024\/05\/22\/article-26\/\"><span class=\"raven-post-button-text\">Lire la suite<\/span><\/a>\r\n\t\t<\/div>\r\n\t\t\t\t\t\t<\/div>\r\n\t\t\t<\/div>\r\n\t\t<\/div>\r\n\t\t\t\t<div class=\"raven-grid-item raven-post-item post-832 post type-post status-publish format-standard has-post-thumbnail hentry category-actualites\">\r\n\t\t\t<div class=\"raven-post\">\r\n\t\t\t\t\t\t<div class=\"raven-post-image-wrap\">\r\n\t\t\t<a class=\"raven-post-image raven-image-fit\" href=\"https:\/\/www.ftpg971.fr\/index.php\/2024\/04\/24\/element-et-la-ftpg-un-nouveau-partenariat\/\"><img decoding=\"async\" width=\"1024\" height=\"1024\" src=\"https:\/\/www.ftpg971.fr\/wp-content\/uploads\/2024\/04\/20240420_105009-1024x1024.jpg\" class=\"attachment-large size-large wp-image-834\" alt=\"\" srcset=\"https:\/\/www.ftpg971.fr\/wp-content\/uploads\/2024\/04\/20240420_105009-1024x1024.jpg 1024w, https:\/\/www.ftpg971.fr\/wp-content\/uploads\/2024\/04\/20240420_105009-300x300.jpg 300w, https:\/\/www.ftpg971.fr\/wp-content\/uploads\/2024\/04\/20240420_105009-150x150.jpg 150w, https:\/\/www.ftpg971.fr\/wp-content\/uploads\/2024\/04\/20240420_105009-768x768.jpg 768w, https:\/\/www.ftpg971.fr\/wp-content\/uploads\/2024\/04\/20240420_105009-500x500.jpg 500w, https:\/\/www.ftpg971.fr\/wp-content\/uploads\/2024\/04\/20240420_105009-1536x1536.jpg 1536w, https:\/\/www.ftpg971.fr\/wp-content\/uploads\/2024\/04\/20240420_105009-2048x2048.jpg 2048w\" sizes=\"(max-width: 1024px) 100vw, 1024px\" \/> <span class=\"raven-post-image-overlay\"><\/span><\/a>\t\t<\/div>\r\n\t\t\t\t\t\t<div class=\"raven-post-content\">\r\n\t\t\t\t\t<h3 class=\"raven-post-title\"><a class=\"raven-post-title-link\" href=\"https:\/\/www.ftpg971.fr\/index.php\/2024\/04\/24\/element-et-la-ftpg-un-nouveau-partenariat\/\">ELEMENT et la FTPG : Un nouveau partenariat.<\/a><\/h3>\t\t<div class=\"raven-post-meta\"><a class=\"raven-post-meta-item raven-post-date\" href=\"https:\/\/www.ftpg971.fr\/index.php\/2024\/04\/\" rel=\"bookmark\">24 avril 2024<\/a><\/div>\r\n\t\t<div class=\"raven-post-excerpt\">La F\u00e9d\u00e9ration en qu\u00eate de bon plan pour les professionnels de l\u2019h\u00e9bergement touristique s\u2019allient le 21 Avril 2024 avec ELEMENT sp\u00e9cialiser dans la vente d\u2019inhibiteur de feu. En effet, c\u2019est<\/div>\t\t<div class=\"raven-post-read-more\">\r\n\t\t\t<a class=\"raven-post-button\" href=\"https:\/\/www.ftpg971.fr\/index.php\/2024\/04\/24\/element-et-la-ftpg-un-nouveau-partenariat\/\"><span class=\"raven-post-button-text\">Lire la suite<\/span><\/a>\r\n\t\t<\/div>\r\n\t\t\t\t\t\t<\/div>\r\n\t\t\t<\/div>\r\n\t\t<\/div>\r\n\t\t\t\t<div class=\"raven-grid-item raven-post-item post-839 post type-post status-publish format-standard has-post-thumbnail hentry category-actualites\">\r\n\t\t\t<div class=\"raven-post\">\r\n\t\t\t\t\t\t<div class=\"raven-post-image-wrap\">\r\n\t\t\t<a class=\"raven-post-image raven-image-fit\" href=\"https:\/\/www.ftpg971.fr\/index.php\/2024\/04\/21\/welcome-a-la-maison-un-evenement-incontournable-pour-la-ftpg\/\"><img loading=\"lazy\" decoding=\"async\" width=\"1024\" height=\"1024\" src=\"https:\/\/www.ftpg971.fr\/wp-content\/uploads\/2024\/05\/20240420_104800-1024x1024.jpg\" class=\"attachment-large size-large wp-image-841\" alt=\"\" srcset=\"https:\/\/www.ftpg971.fr\/wp-content\/uploads\/2024\/05\/20240420_104800-1024x1024.jpg 1024w, https:\/\/www.ftpg971.fr\/wp-content\/uploads\/2024\/05\/20240420_104800-300x300.jpg 300w, https:\/\/www.ftpg971.fr\/wp-content\/uploads\/2024\/05\/20240420_104800-150x150.jpg 150w, https:\/\/www.ftpg971.fr\/wp-content\/uploads\/2024\/05\/20240420_104800-768x768.jpg 768w, https:\/\/www.ftpg971.fr\/wp-content\/uploads\/2024\/05\/20240420_104800-500x500.jpg 500w, https:\/\/www.ftpg971.fr\/wp-content\/uploads\/2024\/05\/20240420_104800-1536x1536.jpg 1536w, https:\/\/www.ftpg971.fr\/wp-content\/uploads\/2024\/05\/20240420_104800-2048x2048.jpg 2048w\" sizes=\"(max-width: 1024px) 100vw, 1024px\" \/> <span class=\"raven-post-image-overlay\"><\/span><\/a>\t\t<\/div>\r\n\t\t\t\t\t\t<div class=\"raven-post-content\">\r\n\t\t\t\t\t<h3 class=\"raven-post-title\"><a class=\"raven-post-title-link\" href=\"https:\/\/www.ftpg971.fr\/index.php\/2024\/04\/21\/welcome-a-la-maison-un-evenement-incontournable-pour-la-ftpg\/\">WELCOME \u00c0 LA MAISON : Un \u00e9v\u00e9nement incontournable pour la FTPG<\/a><\/h3>\t\t<div class=\"raven-post-meta\"><a class=\"raven-post-meta-item raven-post-date\" href=\"https:\/\/www.ftpg971.fr\/index.php\/2024\/04\/\" rel=\"bookmark\">21 avril 2024<\/a><\/div>\r\n\t\t<div class=\"raven-post-excerpt\">Un \u00e9v\u00e9nement INCONTOURNABLE pour la F\u00e9d\u00e9ration du tourisme de proximit\u00e9 de Guadeloupe. L\u2019un des salons les plus attendus des Guadeloup\u00e9ens\u00a0propri\u00e9taires\/ futurs propri\u00e9taires d&rsquo;h\u00e9bergement touristique.Une occasion en Or, pour d\u00e9couvrir les<\/div>\t\t<div class=\"raven-post-read-more\">\r\n\t\t\t<a class=\"raven-post-button\" href=\"https:\/\/www.ftpg971.fr\/index.php\/2024\/04\/21\/welcome-a-la-maison-un-evenement-incontournable-pour-la-ftpg\/\"><span class=\"raven-post-button-text\">Lire la suite<\/span><\/a>\r\n\t\t<\/div>\r\n\t\t\t\t\t\t<\/div>\r\n\t\t\t<\/div>\r\n\t\t<\/div>\r\n\t\t\t\t<div class=\"raven-grid-item raven-post-item post-847 post type-post status-publish format-standard has-post-thumbnail hentry category-actualites\">\r\n\t\t\t<div class=\"raven-post\">\r\n\t\t\t\t\t\t<div class=\"raven-post-image-wrap\">\r\n\t\t\t<a class=\"raven-post-image raven-image-fit\" href=\"https:\/\/www.ftpg971.fr\/index.php\/2024\/03\/27\/la-ville-de-capesterre-belle-eau-un-nouveau-partenaire\/\"><img loading=\"lazy\" decoding=\"async\" width=\"1024\" height=\"1024\" src=\"https:\/\/www.ftpg971.fr\/wp-content\/uploads\/2024\/05\/IMG-20240327-WA0012-1024x1024.jpg\" class=\"attachment-large size-large wp-image-850\" alt=\"\" srcset=\"https:\/\/www.ftpg971.fr\/wp-content\/uploads\/2024\/05\/IMG-20240327-WA0012-1024x1024.jpg 1024w, https:\/\/www.ftpg971.fr\/wp-content\/uploads\/2024\/05\/IMG-20240327-WA0012-300x300.jpg 300w, https:\/\/www.ftpg971.fr\/wp-content\/uploads\/2024\/05\/IMG-20240327-WA0012-150x150.jpg 150w, https:\/\/www.ftpg971.fr\/wp-content\/uploads\/2024\/05\/IMG-20240327-WA0012-768x768.jpg 768w, https:\/\/www.ftpg971.fr\/wp-content\/uploads\/2024\/05\/IMG-20240327-WA0012-500x500.jpg 500w, https:\/\/www.ftpg971.fr\/wp-content\/uploads\/2024\/05\/IMG-20240327-WA0012-1536x1536.jpg 1536w, https:\/\/www.ftpg971.fr\/wp-content\/uploads\/2024\/05\/IMG-20240327-WA0012-2048x2048.jpg 2048w\" sizes=\"(max-width: 1024px) 100vw, 1024px\" \/> <span class=\"raven-post-image-overlay\"><\/span><\/a>\t\t<\/div>\r\n\t\t\t\t\t\t<div class=\"raven-post-content\">\r\n\t\t\t\t\t<h3 class=\"raven-post-title\"><a class=\"raven-post-title-link\" href=\"https:\/\/www.ftpg971.fr\/index.php\/2024\/03\/27\/la-ville-de-capesterre-belle-eau-un-nouveau-partenaire\/\">La VILLE DE CAPESTERRE-BELLE-EAU, un nouveau partenaire<\/a><\/h3>\t\t<div class=\"raven-post-meta\"><a class=\"raven-post-meta-item raven-post-date\" href=\"https:\/\/www.ftpg971.fr\/index.php\/2024\/03\/\" rel=\"bookmark\">27 mars 2024<\/a><\/div>\r\n\t\t<div class=\"raven-post-excerpt\">La F\u00e9d\u00e9ration du Tourisme de Proximit\u00e9 de Guadeloupe et La Ville de Capesterre-Belle-Eau ont sign\u00e9 le 27 Mars 2024, une convention de partenariat. Le maire de la ville, Jean Philippe<\/div>\t\t<div class=\"raven-post-read-more\">\r\n\t\t\t<a class=\"raven-post-button\" href=\"https:\/\/www.ftpg971.fr\/index.php\/2024\/03\/27\/la-ville-de-capesterre-belle-eau-un-nouveau-partenaire\/\"><span class=\"raven-post-button-text\">Lire la suite<\/span><\/a>\r\n\t\t<\/div>\r\n\t\t\t\t\t\t<\/div>\r\n\t\t\t<\/div>\r\n\t\t<\/div>\r\n\t\t\t\t<div class=\"raven-grid-item raven-post-item post-854 post type-post status-publish format-standard has-post-thumbnail hentry category-actualites\">\r\n\t\t\t<div class=\"raven-post\">\r\n\t\t\t\t\t\t<div class=\"raven-post-image-wrap\">\r\n\t\t\t<a class=\"raven-post-image raven-image-fit\" href=\"https:\/\/www.ftpg971.fr\/index.php\/2024\/03\/24\/retour-sur-la-semaine-des-metiers-du-tourisme\/\"><img loading=\"lazy\" decoding=\"async\" width=\"1024\" height=\"1024\" src=\"https:\/\/www.ftpg971.fr\/wp-content\/uploads\/2024\/05\/IMG-20240320-WA0055-1024x1024.jpg\" class=\"attachment-large size-large wp-image-856\" alt=\"\" srcset=\"https:\/\/www.ftpg971.fr\/wp-content\/uploads\/2024\/05\/IMG-20240320-WA0055-1024x1024.jpg 1024w, https:\/\/www.ftpg971.fr\/wp-content\/uploads\/2024\/05\/IMG-20240320-WA0055-300x300.jpg 300w, https:\/\/www.ftpg971.fr\/wp-content\/uploads\/2024\/05\/IMG-20240320-WA0055-150x150.jpg 150w, https:\/\/www.ftpg971.fr\/wp-content\/uploads\/2024\/05\/IMG-20240320-WA0055-768x768.jpg 768w, https:\/\/www.ftpg971.fr\/wp-content\/uploads\/2024\/05\/IMG-20240320-WA0055-500x500.jpg 500w, https:\/\/www.ftpg971.fr\/wp-content\/uploads\/2024\/05\/IMG-20240320-WA0055.jpg 1496w\" sizes=\"(max-width: 1024px) 100vw, 1024px\" \/> <span class=\"raven-post-image-overlay\"><\/span><\/a>\t\t<\/div>\r\n\t\t\t\t\t\t<div class=\"raven-post-content\">\r\n\t\t\t\t\t<h3 class=\"raven-post-title\"><a class=\"raven-post-title-link\" href=\"https:\/\/www.ftpg971.fr\/index.php\/2024\/03\/24\/retour-sur-la-semaine-des-metiers-du-tourisme\/\">Retour sur la semaine des m\u00e9tiers du tourisme<\/a><\/h3>\t\t<div class=\"raven-post-meta\"><a class=\"raven-post-meta-item raven-post-date\" href=\"https:\/\/www.ftpg971.fr\/index.php\/2024\/03\/\" rel=\"bookmark\">24 mars 2024<\/a><\/div>\r\n\t\t<div class=\"raven-post-excerpt\">A l\u2019occasion de la semaine des m\u00e9tiers du tourisme, la FTPG a \u00e9t\u00e9 pr\u00e9sente \u00e0 la conf\u00e9rence de lancement de l\u2019URMA Saint-Claude. Une journ\u00e9e de d\u00e9couverte d\u00e9di\u00e9e \u00e0 la jeunesse,<\/div>\t\t<div class=\"raven-post-read-more\">\r\n\t\t\t<a class=\"raven-post-button\" href=\"https:\/\/www.ftpg971.fr\/index.php\/2024\/03\/24\/retour-sur-la-semaine-des-metiers-du-tourisme\/\"><span class=\"raven-post-button-text\">Lire la suite<\/span><\/a>\r\n\t\t<\/div>\r\n\t\t\t\t\t\t<\/div>\r\n\t\t\t<\/div>\r\n\t\t<\/div>\r\n\t\t\t\t<\/div>\r\n\t\t\t\t\t\t<\/div>\n\t\t\t\t<\/div>\n\t\t\t\t\t<\/div>\n\t\t<\/div>\n\t\t\t\t\t<\/div>\n\t\t<\/section>\n\t\t\t\t<\/div>\n\t\t","protected":false},"excerpt":{"rendered":"<p>SMGEAG\u00a0: Des nouvelles dispositions pour pallier \u00e0 cette p\u00e9nurie d&rsquo;eau 25 janvier 2024 Bonne nouvelle, La\u00a0SMGEAG\u00a0et les acteurs de l\u2019eau \u00e9t\u00e9 sensibles au cri d&rsquo;alarme de la F\u00e9d\u00e9ration du Tourisme de Proximit\u00e9 de Guadeloupe. Bonne nouvelle, La&nbsp;SMGEAG&nbsp;et les acteurs de l\u2019eau a \u00e9t\u00e9 sensibles au cri d&rsquo;alarme de la F\u00e9d\u00e9ration du Tourisme de Proximit\u00e9 de [&hellip;]<\/p>\n","protected":false},"author":1,"featured_media":0,"parent":0,"menu_order":0,"comment_status":"closed","ping_status":"closed","template":"","meta":{"_acf_changed":false,"footnotes":""},"class_list":["post-130","page","type-page","status-publish","hentry"],"acf":[],"_links":{"self":[{"href":"https:\/\/www.ftpg971.fr\/index.php\/wp-json\/wp\/v2\/pages\/130","targetHints":{"allow":["GET"]}}],"collection":[{"href":"https:\/\/www.ftpg971.fr\/index.php\/wp-json\/wp\/v2\/pages"}],"about":[{"href":"https:\/\/www.ftpg971.fr\/index.php\/wp-json\/wp\/v2\/types\/page"}],"author":[{"embeddable":true,"href":"https:\/\/www.ftpg971.fr\/index.php\/wp-json\/wp\/v2\/users\/1"}],"replies":[{"embeddable":true,"href":"https:\/\/www.ftpg971.fr\/index.php\/wp-json\/wp\/v2\/comments?post=130"}],"version-history":[{"count":28,"href":"https:\/\/www.ftpg971.fr\/index.php\/wp-json\/wp\/v2\/pages\/130\/revisions"}],"predecessor-version":[{"id":664,"href":"https:\/\/www.ftpg971.fr\/index.php\/wp-json\/wp\/v2\/pages\/130\/revisions\/664"}],"wp:attachment":[{"href":"https:\/\/www.ftpg971.fr\/index.php\/wp-json\/wp\/v2\/media?parent=130"}],"curies":[{"name":"wp","href":"https:\/\/api.w.org\/{rel}","templated":true}]}}